{"id":98,"date":"2017-08-25T14:32:45","date_gmt":"2017-08-25T12:32:45","guid":{"rendered":"https:\/\/mederius.bnb-infosec.com\/?page_id=98"},"modified":"2017-09-12T10:45:25","modified_gmt":"2017-09-12T08:45:25","slug":"therapie","status":"publish","type":"page","link":"https:\/\/mederius.de\/index.php\/therapie\/","title":{"rendered":"Therapie"},"content":{"rendered":"<p class=\"subHeader\" style=\"text-align: left;\" align=\"center\">Ein kurzer \u00dcberblick \u00fcber unser Therapieangebot&#8230;<\/p>\n<p class=\"bodyText\" style=\"text-align: justify;\" align=\"justify\">In den nachfolgenden Ausf\u00fchrungen geben wir Ihnen einen kurzen \u00dcberblick \u00fcber die Einzelangebote der therapeutischen Versorgung unserer Bewohner, die nicht oder noch nicht eingliederungsf\u00e4hig sind im Sinne des SGB XII.<br \/>\nDas therapeutische Angebot dient der F\u00f6rderung und St\u00e4rkung der individuellen F\u00e4higkeit eines jeden einzelnen Be-wohners unserer Einrichtung. Jeder Bewohner erh\u00e4lt von uns einen individuell angepassten Therapieplan.<\/p>\n<p class=\"bodyText\">Wir entwickeln den Plan unter Ber\u00fccksichtigung:<\/p>\n<p class=\"bodyText\">1. des Krankheitsbildes<br \/>\n2. der k\u00f6rperlichen Einschr\u00e4nkungen und<br \/>\n3. des Gruppenverhaltens<\/p>\n<p class=\"bodyText\" style=\"text-align: justify;\">Wer nicht gruppenf\u00e4hig ist, erh\u00e4lt eine Einzeltherapie oder wird in eine Kleinstgruppe integriert.<br \/>\nDa unsere Pflegeeinrichtung den Bewohnern feste Bezugspersonen aus dem pflegerischen Team zuordnet (so genannte Patenschaften), ist auch eine bewohnerbezogene interdisziplin\u00e4re Zusammenarbeit mit den anderen Fachbereichen gew\u00e4hrleistet.<br \/>\nEine Abstimmung erfolgt somit auch im Schnittstellenbereich Therapie \/ Pflege in Bezug auf die F\u00f6rderung und Be-sch\u00e4ftigung unserer Bewohner.<\/p>\n<p>Unsere Therapiest\u00e4tten liegen alle au\u00dferhalb der Wohnbereiche, verteilt im Dorf von Bim\u00f6hlen (Ergotherapie, Fitnessstudio, Reithalle, Reitplatz, Pferdestall, Sportplatz, Sporthalle, etc.).<\/p>\n<p style=\"text-align: right;\">\n","protected":false},"excerpt":{"rendered":"<p>Ein kurzer \u00dcberblick \u00fcber unser Therapieangebot&#8230; In den nachfolgenden Ausf\u00fchrungen geben wir Ihnen einen kurzen \u00dcberblick \u00fcber die Einzelangebote der therapeutischen Versorgung unserer Bewohner, die nicht oder noch nicht eingliederungsf\u00e4hig sind im Sinne des SGB XII. Das therapeutische Angebot dient der F\u00f6rderung und St\u00e4rkung der individuellen F\u00e4higkeit eines jeden einzelnen\u2026<\/p>\n<p> <a class=\"continue-reading-link\" href=\"https:\/\/mederius.de\/index.php\/therapie\/\"><span>Continue reading<\/span><i class=\"crycon-right-dir\"><\/i><\/a> <\/p>\n","protected":false},"author":1,"featured_media":0,"parent":0,"menu_order":0,"comment_status":"closed","ping_status":"closed","template":"","meta":{"footnotes":""},"class_list":["post-98","page","type-page","status-publish","hentry"],"_links":{"self":[{"href":"https:\/\/mederius.de\/index.php\/wp-json\/wp\/v2\/pages\/98","targetHints":{"allow":["GET"]}}],"collection":[{"href":"https:\/\/mederius.de\/index.php\/wp-json\/wp\/v2\/pages"}],"about":[{"href":"https:\/\/mederius.de\/index.php\/wp-json\/wp\/v2\/types\/page"}],"author":[{"embeddable":true,"href":"https:\/\/mederius.de\/index.php\/wp-json\/wp\/v2\/users\/1"}],"replies":[{"embeddable":true,"href":"https:\/\/mederius.de\/index.php\/wp-json\/wp\/v2\/comments?post=98"}],"version-history":[{"count":7,"href":"https:\/\/mederius.de\/index.php\/wp-json\/wp\/v2\/pages\/98\/revisions"}],"predecessor-version":[{"id":553,"href":"https:\/\/mederius.de\/index.php\/wp-json\/wp\/v2\/pages\/98\/revisions\/553"}],"wp:attachment":[{"href":"https:\/\/mederius.de\/index.php\/wp-json\/wp\/v2\/media?parent=98"}],"curies":[{"name":"wp","href":"https:\/\/api.w.org\/{rel}","templated":true}]}}