{"id":95,"date":"2017-08-25T14:25:35","date_gmt":"2017-08-25T12:25:35","guid":{"rendered":"https:\/\/mederius.bnb-infosec.com\/?page_id=95"},"modified":"2025-06-04T14:23:42","modified_gmt":"2025-06-04T12:23:42","slug":"team","status":"publish","type":"page","link":"https:\/\/mederius.de\/index.php\/team\/","title":{"rendered":"Team"},"content":{"rendered":"<p class=\"subHeader\" style=\"text-align: left;\" align=\"center\">Unser Team stellt sich vor&#8230;<\/p>\n<p align=\"center\"><img loading=\"lazy\" decoding=\"async\" class=\"alignnone size-full wp-image-180\" src=\"https:\/\/mederius.de\/wp-content\/uploads\/2017\/08\/team.jpg\" alt=\"\" width=\"500\" height=\"375\" srcset=\"https:\/\/mederius.de\/wp-content\/uploads\/2017\/08\/team.jpg 500w, https:\/\/mederius.de\/wp-content\/uploads\/2017\/08\/team-300x225.jpg 300w, https:\/\/mederius.de\/wp-content\/uploads\/2017\/08\/team-150x113.jpg 150w\" sizes=\"auto, (max-width: 500px) 100vw, 500px\" \/><\/p>\n<p class=\"bodyText\" style=\"text-align: justify;\">Unser Team der Mederius GmbH besteht aus Kranken- und Altenpflegekr\u00e4ften, Heilerziehern, Heilerziehungspflegern, Erziehern, Pflegehilfskr\u00e4ften, einem Sozialarbeiter, Arbeits- und Besch\u00e4ftigungstherapeuten, Ergotherapeuten, einer Physiotherapeutin, Therapiehelfern,\u00a0 Hauswirtschaftskr\u00e4ften, Fitnesstrainer, Rechtsanwalt, Handwerkern, Verwaltungskr\u00e4ften, Haus\u00e4rzten und einem Facharzt f\u00fcr Neurologie und Psychiatrie. Wir halten eine Fachkraftquote von 60% vor. Mehrere unserer Mitarbeiter verf\u00fcgen \u00fcber eine psychiatrische Fachausbildung, Fachausbildung im Bereich Sozialpsychiatrie, Fachausbildung f\u00fcr Intensivmedizin. Ferner sind bei uns mehrere Mitarbeiter mit einer suchtpsychiatrischen Zusatzqualifikation besch\u00e4ftigt.<\/p>\n<p class=\"bodyText\" style=\"text-align: justify;\">Wir halten ein umfassendes pflegerisches und therapeutisches Konzept vor, um den Bed\u00fcrfnissen unserer Heim-bewohner m\u00f6glichst nahe zu kommen.<\/p>\n","protected":false},"excerpt":{"rendered":"<p>Unser Team stellt sich vor&#8230; Unser Team der Mederius GmbH besteht aus Kranken- und Altenpflegekr\u00e4ften, Heilerziehern, Heilerziehungspflegern, Erziehern, Pflegehilfskr\u00e4ften, einem Sozialarbeiter, Arbeits- und Besch\u00e4ftigungstherapeuten, Ergotherapeuten, einer Physiotherapeutin, Therapiehelfern,\u00a0 Hauswirtschaftskr\u00e4ften, Fitnesstrainer, Rechtsanwalt, Handwerkern, Verwaltungskr\u00e4ften, Haus\u00e4rzten und einem Facharzt f\u00fcr Neurologie und Psychiatrie. Wir halten eine Fachkraftquote von 60% vor. Mehrere unserer\u2026<\/p>\n<p> <a class=\"continue-reading-link\" href=\"https:\/\/mederius.de\/index.php\/team\/\"><span>Continue reading<\/span><i class=\"crycon-right-dir\"><\/i><\/a> <\/p>\n","protected":false},"author":1,"featured_media":0,"parent":0,"menu_order":0,"comment_status":"closed","ping_status":"closed","template":"templates\/template-onecolumn.php","meta":{"footnotes":""},"class_list":["post-95","page","type-page","status-publish","hentry"],"_links":{"self":[{"href":"https:\/\/mederius.de\/index.php\/wp-json\/wp\/v2\/pages\/95","targetHints":{"allow":["GET"]}}],"collection":[{"href":"https:\/\/mederius.de\/index.php\/wp-json\/wp\/v2\/pages"}],"about":[{"href":"https:\/\/mederius.de\/index.php\/wp-json\/wp\/v2\/types\/page"}],"author":[{"embeddable":true,"href":"https:\/\/mederius.de\/index.php\/wp-json\/wp\/v2\/users\/1"}],"replies":[{"embeddable":true,"href":"https:\/\/mederius.de\/index.php\/wp-json\/wp\/v2\/comments?post=95"}],"version-history":[{"count":10,"href":"https:\/\/mederius.de\/index.php\/wp-json\/wp\/v2\/pages\/95\/revisions"}],"predecessor-version":[{"id":745,"href":"https:\/\/mederius.de\/index.php\/wp-json\/wp\/v2\/pages\/95\/revisions\/745"}],"wp:attachment":[{"href":"https:\/\/mederius.de\/index.php\/wp-json\/wp\/v2\/media?parent=95"}],"curies":[{"name":"wp","href":"https:\/\/api.w.org\/{rel}","templated":true}]}}