{"id":32,"date":"2017-08-25T13:15:31","date_gmt":"2017-08-25T11:15:31","guid":{"rendered":"https:\/\/mederius.bnb-infosec.com\/?page_id=32"},"modified":"2025-06-04T14:14:18","modified_gmt":"2025-06-04T12:14:18","slug":"home","status":"publish","type":"page","link":"https:\/\/mederius.de\/","title":{"rendered":"Home"},"content":{"rendered":"<p style=\"text-align: left;\">Herzlich Willkommen auf der Internetseite der Mederius GmbH<\/p>\n<p><img loading=\"lazy\" decoding=\"async\" class=\"size-full wp-image-49 aligncenter\" src=\"https:\/\/mederius.bnb-infosec.com\/wp-content\/uploads\/2017\/08\/verw_400_300.jpg\" alt=\"\" width=\"400\" height=\"300\" \/><\/p>\n<p style=\"text-align: justify;\">Unsere Einrichtung befindet sich im s\u00fcdlichen Teil von Schleswig-Holstein in Bim\u00f6hlen.<br \/>Mit ihren drei park\u00e4hnlichen Einzelkomplexen f\u00fcr unsere 4 Wohngruppen liegt sie direkt im Ortskern von Bim\u00f6hlen. Durch ihre l\u00e4ndliche Lage, direkt im Naherholungsgebiet zwischen Neum\u00fcnster und Hamburg zeigt sich die Mederius in einem besonders erholsamen Ambiente.<\/p>\n<p style=\"text-align: justify;\">Bei unserer Einrichtung handelt es sich um eine sozialpsychiatrische Einrichtung mit 90 Bewohnerpl\u00e4tzen und rund 80 Mitarbeitern. 15 Heimbewohnerpl\u00e4tze geh\u00f6ren dabei dem so genannten offenen Bereich an. Gleichfalls k\u00f6nnen wir den Bewohnern auch Werkstattangebote in Behindertenwerkst\u00e4tten anbieten, von denen es in der n\u00e4heren Umgebung mehrere Alternativen gibt.<\/p>\n<p>Einen Presseartikel der Umschau vom 01.02.2017 k\u00f6nnen sie <a href=\"https:\/\/mederius.bnb-infosec.com\/wp-content\/uploads\/2017\/08\/umschau0102187.pdf\">hier<\/a> herunterladen.<\/p>\n\n\n<p><\/p>\n","protected":false},"excerpt":{"rendered":"<p>Herzlich Willkommen auf der Internetseite der Mederius GmbH Unsere Einrichtung befindet sich im s\u00fcdlichen Teil von Schleswig-Holstein in Bim\u00f6hlen.Mit ihren drei park\u00e4hnlichen Einzelkomplexen f\u00fcr unsere 4 Wohngruppen liegt sie direkt im Ortskern von Bim\u00f6hlen. Durch ihre l\u00e4ndliche Lage, direkt im Naherholungsgebiet zwischen Neum\u00fcnster und Hamburg zeigt sich die Mederius in\u2026<\/p>\n<p> <a class=\"continue-reading-link\" href=\"https:\/\/mederius.de\/\"><span>Continue reading<\/span><i class=\"crycon-right-dir\"><\/i><\/a> <\/p>\n","protected":false},"author":1,"featured_media":0,"parent":0,"menu_order":0,"comment_status":"closed","ping_status":"closed","template":"templates\/template-twocolumns-right.php","meta":{"footnotes":""},"class_list":["post-32","page","type-page","status-publish","hentry"],"_links":{"self":[{"href":"https:\/\/mederius.de\/index.php\/wp-json\/wp\/v2\/pages\/32","targetHints":{"allow":["GET"]}}],"collection":[{"href":"https:\/\/mederius.de\/index.php\/wp-json\/wp\/v2\/pages"}],"about":[{"href":"https:\/\/mederius.de\/index.php\/wp-json\/wp\/v2\/types\/page"}],"author":[{"embeddable":true,"href":"https:\/\/mederius.de\/index.php\/wp-json\/wp\/v2\/users\/1"}],"replies":[{"embeddable":true,"href":"https:\/\/mederius.de\/index.php\/wp-json\/wp\/v2\/comments?post=32"}],"version-history":[{"count":12,"href":"https:\/\/mederius.de\/index.php\/wp-json\/wp\/v2\/pages\/32\/revisions"}],"predecessor-version":[{"id":738,"href":"https:\/\/mederius.de\/index.php\/wp-json\/wp\/v2\/pages\/32\/revisions\/738"}],"wp:attachment":[{"href":"https:\/\/mederius.de\/index.php\/wp-json\/wp\/v2\/media?parent=32"}],"curies":[{"name":"wp","href":"https:\/\/api.w.org\/{rel}","templated":true}]}}