{"id":134,"date":"2017-08-25T15:07:54","date_gmt":"2017-08-25T13:07:54","guid":{"rendered":"https:\/\/mederius.bnb-infosec.com\/?page_id=134"},"modified":"2024-09-03T10:42:54","modified_gmt":"2024-09-03T08:42:54","slug":"impressum","status":"publish","type":"page","link":"https:\/\/mederius.de\/index.php\/impressum\/","title":{"rendered":"Impressum"},"content":{"rendered":"<p style=\"text-align: center;\">Mederius GmbH<br \/>\nDorfplatz 10<br \/>\n24576 Bim\u00f6hlen<br \/>\nTelefon: 04192 201 350<br \/>\nTelefax: 04192 201 3570<br \/>\nMail: kontakt@mederius.de<\/p>\n<p>Gesch\u00e4ftsf\u00fchrer: Maren T\u00f6pper-Henning<br \/>\nGesch\u00e4ftsf\u00fchrer: Christian Henning<br \/>\nHandelsregister: HRB9340KI Amtsgericht Kiel<\/p>\n<p>Beauftragte f\u00fcr Medizinproduktesicherheit:<br \/>\nMaren T\u00f6pper-Henning<br \/>\nMederius GmbH<br \/>\nE-Mail: toepper-henning@mederius GmbH<br \/>\nTel.:04192 20135-0<\/p>\n<table class=\"bodyText\" border=\"0\" width=\"90%\" align=\"center\">\n<tbody>\n<tr>\n<td class=\"columnHeader2\">Copyright:<\/td>\n<\/tr>\n<tr>\n<td>Alle in der Internetpr\u00e4sentation &#8222;www.mederius.de&#8220; ver\u00f6ffentlichten Grafiken und Animationen sind urheberrechtlich gesch\u00fctzt und d\u00fcrfen ausschlie\u00dflich f\u00fcr private Ansichtszwecke verwendet werden. Das Copyright aller Werke auf diesem Server liegt bei den Verantwortlichen der Mederius GmbH.Die ver\u00f6ffentlichten Grafiken und Animationen d\u00fcrfen weder im Ganzen noch auszugsweise kopiert oder weitergegeben werden. Lediglich das Kopieren auf die eigene Festplatte zum Zweck der schnelleren Programmausf\u00fchrung bzw. Ansicht ist erlaubt.Alle ver\u00f6ffentlichten Grafiken und Animationen sind nur zum pers\u00f6nlichen Gebrauch bestimmt und d\u00fcrfen in keiner Form kommerziell verwendet werden. Sie d\u00fcrfen insbesondere nicht kopiert, verliehen, publiziert, \u00f6ffentlich vorgef\u00fchrt oder in Netzwerke eingespeist werden.<\/p>\n<p>Die Erlaubnis zur gewerblichen Nutzung sowie jegliche weitere Nutzung in gedruckter oder elektronischer Form wird ausschlie\u00dflich auf Anfrage erteilt. Die Anfrage ist per E-mail direkt an den Urheber zu richten. Eine Erlaubnis gilt erst dann als erteilt, wenn dem Anfragenden eine schriftliche Zusage vorliegt.<\/p>\n<p>Mit dem \u00d6ffnen der Seiten der Pr\u00e4sentation &#8222;www.mederius.de&#8220; werden die vorstehenden Bedingungen anerkannt.<\/p>\n<p>\u00a9 2007 Mederius GmbH, alle Rechte vorbehalten<\/td>\n<\/tr>\n<tr>\n<td><\/td>\n<\/tr>\n<tr>\n<td><span class=\"columnHeader2\">Haftungsausschlu\u00df:<\/span><\/td>\n<\/tr>\n<tr>\n<td>1. Inhalt des OnlineangebotesDer Autor \u00fcbernimmt keinerlei Gew\u00e4hr f\u00fcr die Aktualit\u00e4t, Korrektheit, Vollst\u00e4ndigkeit oder Qualit\u00e4t der bereitgestellten Informationen. Haftungsanspr\u00fcche gegen den Autor, die sich auf Sch\u00e4den materieller oder ideeller Art beziehen, welche durch die Nutzung oder Nichtnutzung der dargebotenen Informationen bzw. durch die Nutzung fehlerhafter und unvollst\u00e4ndiger Informationen verursacht wurden sind grunds\u00e4tzlich ausgeschlossen, sofern seitens des Autors kein nachweislich vors\u00e4tzliches oder grob fahrl\u00e4ssiges Verschulden vorliegt. Alle Angebote sind freibleibend und unverbindlich. Der Autor beh\u00e4lt es sich ausdr\u00fccklich vor, Teile der Seiten oder das gesamte Angebot ohne gesonderte Ank\u00fcndigung zu ver\u00e4ndern, zu erg\u00e4nzen, zu l\u00f6schen oder die Ver\u00f6ffentlichung zeitweise oder endg\u00fcltig einzustellen.2. Verweise und Links<\/p>\n<p>Sofern auf Verweisziele (&#8222;Links&#8220;) direkt oder indirekt verwiesen wird, die au\u00dferhalb des Verantwortungsbereiches des Autors liegen, haftet dieser nur dann, wenn er von den Inhalten Kenntnis hat und es ihm technisch m\u00f6glich und zumutbar w\u00e4re, die Nutzung im Falle rechtswidriger Inhalte zu verhindern. F\u00fcr dar\u00fcber hinausgehende Inhalte und insbesondere f\u00fcr Sch\u00e4den, die aus der Nutzung oder Nichtnutzung solcherart dargebotener Informationen entstehen, haftet allein der Anbieter dieser Seiten, nicht derjenige, der \u00fcber Links auf die jeweilige Ver\u00f6ffentlichung lediglich verweist.<\/p>\n<p>3. Urheberrecht und Recht am eigenen Bild<\/p>\n<p>Der Autor ist bestrebt, in allen Publikationen die Urheberrechte der verwendeten Grafiken, Sounds und Texte zu beachten, von ihm selbst erstellte Grafiken, Sounds und Texte zu nutzen oder auf lizenzfreie Grafiken, Sounds und Texte zur\u00fcckzugreifen. Sollte sich auf den jeweiligen Seiten dennoch eine ungekennzeichnete, aber durch fremdes Copyright gesch\u00fctzte Grafik, ein Sound oder Text befinden, so konnte das Copyright vom Autor nicht festgestellt werden. Im Falle einer solchen unbeabsichtigten Copyrightverletzung wird der Autor das entsprechende Objekt nach Benachrichtigung aus seiner Publikation entfernen bzw. mit dem entsprechenden Copyright kenntlich machen. Das Copyright f\u00fcr ver\u00f6ffentlichte, vom Autor selbst erstellte Objekte bleibt allein beim Autor der Seiten. Eine Vervielf\u00e4ltigung oder Verwendung solcher Grafiken, Sounds oder Texte in anderen elektronischen oder gedruckten Publikationen ist ohne ausdr\u00fcckliche Zustimmung des Autors nicht gestattet.<\/p>\n<p>4. Rechtswirksamkeit dieses Haftungsausschlusses<\/p>\n<p>Dieser Haftungsausschluss ist als Teil des Internetangebotes zu betrachten, von dem aus auf diese Seite verwiesen wurde. Sofern Teile oder einzelne Formulierungen dieses Textes der geltenden Rechtslage nicht, nicht mehr oder nicht vollst\u00e4ndig entsprechen sollten, bleiben die \u00fcbrigen Teile des Dokumentes in ihrem Inhalt und ihrer G\u00fcltigkeit davon unber\u00fchrt.<\/td>\n<\/tr>\n<tr>\n<td><span class=\"columnHeader2\">Datenschutzerkl\u00e4rung:<\/span><\/td>\n<\/tr>\n<tr>\n<td>1. AllgemeinesWir achten Ihre Pers\u00f6nlichkeitsrechte und wissen um die Bedeutung pers\u00f6nlicher Daten, die wir von Ihnen erhalten. Wir respektieren den Schutz Ihrer pers\u00f6nlichen Daten und werden s\u00e4mtliche erlangten Daten ausschlie\u00dflich nach Ma\u00dfgabe der einschl\u00e4gigen datenschutzrechtlichen Bestimmungen erheben, speichern oder verarbeiten. Soweit Internetseiten und\/oder &#8211; dienste anderer Anbieter \u00fcber unsere Website zug\u00e4nglich oder verlinkt sind, sind wir f\u00fcr deren Inhalte und insbesondere deren datenschutzrechtliche Handhabung nicht verantwortlich.2. Erhebung personenbezogener Daten<\/p>\n<p>Grunds\u00e4tzlich erheben wir bei Besuch unserer Website keine personenbezogenen Daten, wie beispielsweise Anrede, Name, Anschrift, E-Mail-Adresse oder Verbindungsdaten. Unsere Server erfassen bestimmte Daten automatisch, die Ihr Webbrowser bei Besuch einer Website verschickt. Diese Daten k\u00f6nnen insbesondere den von Ihnen verwandten Browsertyp, die Browsersprache sowie Datum und Uhrzeit Ihrer Browseranfrage und die genutzte IP-Adresse enthalten. Die Auswertung dieser Daten erfolgt ausschlie\u00dflich in anonymisierter Form zu statistischen Zwecken ohne M\u00f6glichkeit der Zusammenf\u00fchrung mit anderen Daten von Ihnen. Nach Beendigung der Auswertung werden auch diese Daten wieder gel\u00f6scht.<\/p>\n<p>3. Einsatz und Unterbindung von Cookies<\/p>\n<p>Diese Website setzt Cookies (kleine Dateien mit Konfigurationsinformationen) ein, um die ordnungsgem\u00e4\u00dfe Funktion der Website sicherzustellen. Zweck der Verwendung von Cookies auf unserer Website ist lediglich die Gew\u00e4hrleistung der technischen Funktionalit\u00e4t der Website. Falls sie mit der Verwendung von Cookies nicht einverstanden sind, k\u00f6nnen sie die Speicherung von Cookies durch entsprechende Einstellungen in Ihrer Browsersoftware verhindern; ggf. sind dann jedoch nicht alle Funktionalit\u00e4ten dieser Website vollumf\u00e4nglich nutzbar. Nach Besuch unserer Website werden die Cookies automatisch gel\u00f6scht.<\/p>\n<p>4. Verwendung personenbezogener Daten und Widerspruchsrecht<\/p>\n<p>Wir versichern Ihnen, soweit wir personenbezogene Daten erheben, diese vertraulich zu behandeln und uns bei der Verarbeitung und Nutzung dieser Daten an die gesetzlichen Bestimmungen des BDSG und des DDG zu halten. Eine Nutzung personenbezogener Daten erfolgt nur, soweit dies in konkreten Einzelf\u00e4llen f\u00fcr die Durchf\u00fchrung und Abwicklung des Nutzungsverh\u00e4ltnisses, insbesondere im Rahmen ggf. gef\u00fchrter Kommunikation erforderlich ist oder Sie uns eine gesonderte Einwilligung erteilt haben.<\/p>\n<p>5. Sicherheit<\/p>\n<p>Wir setzen technische und organisatorische Sicherheitsma\u00dfnahmen ein, um unsere Website gegen Manipulationen, Verlust, Zerst\u00f6rung oder vor dem Zugriff Unberechtigter zu sch\u00fctzen. Wir bem\u00fchen uns, unsere Sicherheitsma\u00dfnahmen entsprechend den technologischen Entwicklungen fortlaufend anzupassen und zu verbessern.<\/p>\n<p>6. Weitergehende Fragen und Hinweise<\/p>\n<p>Auf Anforderung werden wir Ihnen mitteilen, ob und ggf. welche personenbezogenen Daten \u00fcber Sie bei uns gespeichert sind. Wenn Sie dar\u00fcber hinausgehende Fragen zum Datenschutz auf dieser Internetpr\u00e4senz haben, schreiben Sie uns an: c.henning@mederius.de<\/td>\n<\/tr>\n<\/tbody>\n<\/table>\n","protected":false},"excerpt":{"rendered":"<p>Mederius GmbH Dorfplatz 10 24576 Bim\u00f6hlen Telefon: 04192 201 350 Telefax: 04192 201 3570 Mail: kontakt@mederius.de Gesch\u00e4ftsf\u00fchrer: Maren T\u00f6pper-Henning Gesch\u00e4ftsf\u00fchrer: Christian Henning Handelsregister: HRB9340KI Amtsgericht Kiel Beauftragte f\u00fcr Medizinproduktesicherheit: Maren T\u00f6pper-Henning Mederius GmbH E-Mail: toepper-henning@mederius GmbH Tel.:04192 20135-0 Copyright: Alle in der Internetpr\u00e4sentation &#8222;www.mederius.de&#8220; ver\u00f6ffentlichten Grafiken und Animationen sind urheberrechtlich\u2026<\/p>\n<p> <a class=\"continue-reading-link\" href=\"https:\/\/mederius.de\/index.php\/impressum\/\"><span>Continue reading<\/span><i class=\"crycon-right-dir\"><\/i><\/a> <\/p>\n","protected":false},"author":1,"featured_media":0,"parent":0,"menu_order":0,"comment_status":"closed","ping_status":"closed","template":"","meta":{"footnotes":""},"class_list":["post-134","page","type-page","status-publish","hentry"],"_links":{"self":[{"href":"https:\/\/mederius.de\/index.php\/wp-json\/wp\/v2\/pages\/134","targetHints":{"allow":["GET"]}}],"collection":[{"href":"https:\/\/mederius.de\/index.php\/wp-json\/wp\/v2\/pages"}],"about":[{"href":"https:\/\/mederius.de\/index.php\/wp-json\/wp\/v2\/types\/page"}],"author":[{"embeddable":true,"href":"https:\/\/mederius.de\/index.php\/wp-json\/wp\/v2\/users\/1"}],"replies":[{"embeddable":true,"href":"https:\/\/mederius.de\/index.php\/wp-json\/wp\/v2\/comments?post=134"}],"version-history":[{"count":7,"href":"https:\/\/mederius.de\/index.php\/wp-json\/wp\/v2\/pages\/134\/revisions"}],"predecessor-version":[{"id":736,"href":"https:\/\/mederius.de\/index.php\/wp-json\/wp\/v2\/pages\/134\/revisions\/736"}],"wp:attachment":[{"href":"https:\/\/mederius.de\/index.php\/wp-json\/wp\/v2\/media?parent=134"}],"curies":[{"name":"wp","href":"https:\/\/api.w.org\/{rel}","templated":true}]}}