{"id":115,"date":"2017-08-25T14:43:11","date_gmt":"2017-08-25T12:43:11","guid":{"rendered":"https:\/\/mederius.bnb-infosec.com\/?page_id=115"},"modified":"2021-06-04T10:23:59","modified_gmt":"2021-06-04T08:23:59","slug":"pflege","status":"publish","type":"page","link":"https:\/\/mederius.de\/index.php\/pflege\/","title":{"rendered":"Pflege"},"content":{"rendered":"<p style=\"text-align: justify;\">Bei uns k\u00f6nnen Sie in Ruhe und in kleinen Wohngruppen unsere Bewohner betreuen und pflegen. Wir beherbergen Bewohner j\u00fcngeren und mittleren Alters, vornehmlich Bewohner\/innen mit niedrigen Pflegegraden.<\/p>\n<p style=\"text-align: justify;\">Die Pflege ist ein bedeutender Leistungstr\u00e4ger bewohnerbezogener Dienstleistungen innerhalb unserer drei Wohnbereiche.<\/p>\n<p style=\"text-align: justify;\">Im Pflegedienst sind Gesundheits- und Krankenpflegekr\u00e4fte, examinierte Altenpflegekr\u00e4fte, Erzieher\/innen, Heilerziehungspfleger, Heilerzieher, Alten- und Krankenpflegehelfer-\/innen mit einer einj\u00e4hrigen Ausbildung, Fachkr\u00e4fte f\u00fcr Psychiatrie, Sozialpsychiatrie und Intensivmedizin sowie Mitarbeiter\/innen ohne spezifische Pflegeausbildung t\u00e4tig.<\/p>\n<p style=\"text-align: justify;\">Auszubildende die den Beruf der Altenpflege, des Altenpflegehelfers oder die des Ergotherapeuten erlernen, sind ebenfalls in der Einrichtung t\u00e4tig.<\/p>\n<p style=\"text-align: justify;\">Als Mitglieder eines interdisziplin\u00e4ren Teams tragen wir unseren fachspezifischen, eigenst\u00e4ndigen Anteil zur Betreuung und Behandlung unserer Bewohnerinnen und Bewohner bei.<\/p>\n<p style=\"text-align: justify;\">Ein wichtiger Bestandteil unserer pflegerischen T\u00e4tigkeit ist zudem auch die Zusammenarbeit mit Angeh\u00f6rigen und Betreuern unserer Bewohner sowie mit anderen Pflegeinstitutionen.<\/p>\n<p style=\"text-align: justify;\">Die Pflege und insbesondere die psychiatrische Pflege ist ein Bestandteil der Gesundheitsf\u00fcrsorge. Sie leistet einen wichtigen Beitrag im Rahmen der Behandlung und Betreuung der Menschen, die sich aufgrund ihrer Erkrankung in unsere Einrichtung begeben.<\/p>\n<p style=\"text-align: justify;\">Obwohl es sich bei unserer Einrichtung um besch\u00fctzte Wohnbereiche handelt, wird es immer unser Augenmerk sein, den Bewohnern eine m\u00f6gliche Wiedereingliederung in die Gesellschaft zu erm\u00f6glichen.<\/p>\n<p style=\"text-align: justify;\">Neben der sozialen Verantwortung, die wir gegen\u00fcber unseren anvertrauten und oft sehr jungen Bewohnerinnen und Bewohnern haben, darf jedoch nicht vergessen werden, dass sich kontinuierliche Erfolge nur \u00fcber zukunfts- und zielorientiertes Handeln erreichen lassen.<\/p>\n<p class=\"columnHeader2\" style=\"text-align: justify;\">Die Pflege:<\/p>\n<p style=\"text-align: justify;\">Unsere praktische, theoretische und konzeptionelle Pfleget\u00e4tigkeit basiert auf dem Pflegemodell von Frau Professor Monika Krohwinkel.<\/p>\n<p style=\"text-align: justify;\">In der psychiatrischen Pflege sind die ganzheitliche Betrachtungsweise, dass genaue Erfassen von Ressourcen und Defiziten, das rechtzeitige Erkennen und Einsch\u00e4tzen von Verhaltens\u00e4nderungen und -entwicklungen sind von gro\u00dfer Bedeutung.<\/p>\n<p style=\"text-align: justify;\">Daher ist das ganzheitliche Bezugspflegesystem (Patenschaften), in dem jeder\/jede Bewohner\/Bewohnerin mindestens einer Fachpflegekraft zugeordnet ist, von ganz besonderer Wichtigkeit.<\/p>\n<p style=\"text-align: justify;\">Daher f\u00f6rdern wir auch die teamorientierte und interdisziplin\u00e4re Zusammenarbeit im Rahmen von Fallbesprechungen und regelm\u00e4\u00dfigen Sitzungen des Leitungsteams und der einzelnen Mitarbeiter.<\/p>\n","protected":false},"excerpt":{"rendered":"<p>Bei uns k\u00f6nnen Sie in Ruhe und in kleinen Wohngruppen unsere Bewohner betreuen und pflegen. Wir beherbergen Bewohner j\u00fcngeren und mittleren Alters, vornehmlich Bewohner\/innen mit niedrigen Pflegegraden. Die Pflege ist ein bedeutender Leistungstr\u00e4ger bewohnerbezogener Dienstleistungen innerhalb unserer drei Wohnbereiche. Im Pflegedienst sind Gesundheits- und Krankenpflegekr\u00e4fte, examinierte Altenpflegekr\u00e4fte, Erzieher\/innen, Heilerziehungspfleger, Heilerzieher,\u2026<\/p>\n<p> <a class=\"continue-reading-link\" href=\"https:\/\/mederius.de\/index.php\/pflege\/\"><span>Continue reading<\/span><i class=\"crycon-right-dir\"><\/i><\/a> <\/p>\n","protected":false},"author":1,"featured_media":0,"parent":0,"menu_order":0,"comment_status":"closed","ping_status":"closed","template":"","meta":{"footnotes":""},"class_list":["post-115","page","type-page","status-publish","hentry"],"_links":{"self":[{"href":"https:\/\/mederius.de\/index.php\/wp-json\/wp\/v2\/pages\/115","targetHints":{"allow":["GET"]}}],"collection":[{"href":"https:\/\/mederius.de\/index.php\/wp-json\/wp\/v2\/pages"}],"about":[{"href":"https:\/\/mederius.de\/index.php\/wp-json\/wp\/v2\/types\/page"}],"author":[{"embeddable":true,"href":"https:\/\/mederius.de\/index.php\/wp-json\/wp\/v2\/users\/1"}],"replies":[{"embeddable":true,"href":"https:\/\/mederius.de\/index.php\/wp-json\/wp\/v2\/comments?post=115"}],"version-history":[{"count":5,"href":"https:\/\/mederius.de\/index.php\/wp-json\/wp\/v2\/pages\/115\/revisions"}],"predecessor-version":[{"id":600,"href":"https:\/\/mederius.de\/index.php\/wp-json\/wp\/v2\/pages\/115\/revisions\/600"}],"wp:attachment":[{"href":"https:\/\/mederius.de\/index.php\/wp-json\/wp\/v2\/media?parent=115"}],"curies":[{"name":"wp","href":"https:\/\/api.w.org\/{rel}","templated":true}]}}