{"id":107,"date":"2017-08-25T14:39:13","date_gmt":"2017-08-25T12:39:13","guid":{"rendered":"https:\/\/mederius.bnb-infosec.com\/?page_id=107"},"modified":"2025-06-04T14:24:42","modified_gmt":"2025-06-04T12:24:42","slug":"arbeitsgruppen","status":"publish","type":"page","link":"https:\/\/mederius.de\/index.php\/arbeitsgruppen\/","title":{"rendered":"Arbeitsgruppen"},"content":{"rendered":"<p style=\"text-align: justify;\"><span class=\"columnHeader\">Die Einstiegsgruppe <\/span><br \/>\nDiese Gruppe eignet sich f\u00fcr Bewohner mit akuten Krankheitsbildern oder mit einer stark ausgepr\u00e4gten Hospitalisierung. Die Einstiegsgruppe gibt den einzelnen Bewohnern die M\u00f6glichkeit, nach seinen eigenen W\u00fcnschen entsprechende Arbeiten auszuf\u00fchren. So erf\u00e4hrt der Bewohner die Akzeptanz seiner eigenen Leistung, als auch die Akzeptanz seiner Pers\u00f6nlichkeit.<\/p>\n<p>Bei uns arbeiten Therapeuten, Physio- u. Ergotherapeuten, Besch\u00e4ftigungstherapeuten, Arbeits- und Suchttherapeuten.<\/p>\n<p style=\"text-align: justify;\"><span class=\"columnHeader\">Die Kontaktgruppe <\/span><br \/>\nIn der Kontaktgruppe haben die Bewohner die M\u00f6glichkeit, in einem losen Gruppengef\u00fcge soziale Kontakte aufzubauen. Es gibt keine festen Strukturen, sondern jeder Bewohner kann seine Arbeitsweise selbstst\u00e4ndig ordnen und gliedern. Die Therapeuten stehen unterst\u00fctzend zur Verf\u00fcgung. Materialien, handwerkliche Techniken und die Angebotsthemen werden in erster Linie durch unsere Bewohner bestimmt, der Therapeut leitet lediglich an und gibt Hilfestellung. In dieser Gruppe kann der Bewohner zwanglos seine sch\u00f6pferischen F\u00e4higkeiten entdecken und in seine k\u00fcnftige Freizeitgestaltung mit einbeziehen. Den Bewohnern steht unser gesamtes Materialangebot (Stoff, Holz, Farbe, Papier, usw.) zur Verf\u00fcgung. Unseren Bewohnen steht die gesamte &#8222;Palette&#8220; der Ergotherapien in den H\u00e4usern und in unserer gro\u00dfen Kreativwerkstatt offen.<\/p>\n<p style=\"text-align: justify;\"><span class=\"columnHeader\">Die Arbeitsgruppe \/ Werkgruppe <\/span><br \/>\nJe nach Belastbarkeit der Gruppe bzw. der Bewohner wird im Rahmen einer Programm- oder Projektbesprechung eine Aufgabe vorgegeben oder gemeinsam erarbeitet.<br \/>\nEs wird darauf hin gearbeitet, dass die Teilnehmer \u00fcber das Arbeitsthema die Ergebnisse und die dabei gemachten Erfahrungen austauschen. Es wird eine Gruppenatmosph\u00e4re angestrebt, die Meinungen, Bed\u00fcrfnisse sowie positive und negative Gef\u00fchle zul\u00e4sst.<br \/>\nDie individuelle F\u00f6rderung der Ressourcen unserer Bewohner findet sowohl in Einzeltherapien, Einzeltherapien in Gruppen, als auch in Gruppenkonstellationen statt.<\/p>\n<p style=\"text-align: justify;\"><span class=\"columnHeader\">Die Zusammenarbeit <\/span><br \/>\nSelbstverst\u00e4ndlich ist uns die Meinung der Angeh\u00f6rigen, der Betreuer, im Hinblick auf die fachliche Abstimmung sehr wichtig. Wir halten folgende Therapieangebote vor, die wir jedoch nur in K\u00fcrze wiedergeben k\u00f6nnen:<\/p>\n<p>1.) Handwerk<br \/>\na. freies Werken (z.B. Holzgruppe, Kunst- und Malgruppe, Basteln, Tonarbeiten, Seidenmalerei, u.s.w)<br \/>\nb. verschiedene Gartengruppen<br \/>\nc. Arbeitsgruppe (Handwerker\/Haustechniker)<\/p>\n<p>2.) Sporttherapie<br \/>\na. Sporttherapie f\u00fcr verschiedene Leistungsgruppen &#8222;Fit und Vital&#8220; in der hiesigen Sporthalle<br \/>\nb. Sporttherapie mit gemischten Gruppen<br \/>\nc. Fu\u00dfball<br \/>\nd. Verschiedene Angebote im eigenen Fitnessstudio (Physiotherapie, Kraft- und Ausdauertraining)<\/p>\n<p>3.) Pferdetherapie<br \/>\na. Pferdepflege, Tierkontakt, Stallarbeit und Reiten mit unseren Schleswiger Kaltblutpferden<br \/>\nb. Kutschfahrten in die Umgebung<\/p>\n<p>4.) Motorisch-funktionelle und motorisch-sensorische Behandlung<br \/>\na. basale Stimulation<br \/>\nb. Kontrakturprophylaxe<br \/>\nc. spezielle grob- und feinmotorische \u00dcbungen<br \/>\nd. Schluckanbahnungen, facio-orale Schlucktherapie<br \/>\ne. Polyneuropathie-Gruppe<br \/>\nf. Sitztanzgruppen<\/p>\n<p>5.) Freizeitangebote<br \/>\na. regelm\u00e4\u00dfige Besuche in Fitnessstudios<br \/>\nb. regelm\u00e4\u00dfige Besuche des Schwimmbads<br \/>\nc. Abendgestaltungen<br \/>\nd. Feiern und Feste<br \/>\ne. regelm\u00e4\u00dfige Ausflugsfahrten<br \/>\nf. Wochenendprogramm nach Plan<\/p>\n<p>g. Teilnahme am Gottesdienst<\/p>\n<p>6.) Musiktherapie<br \/>\na. Musikgruppe<br \/>\nb. Trommelgruppe<br \/>\nc. Gitarrenunterricht<br \/>\nd. Musikalische K\u00f6rpererfahrungsgruppe<\/p>\n<p>7.) Ergotherapeutisches Hirnleistungstraining<br \/>\na. funktionelle Spiele<br \/>\nb. EDV-gest\u00fctztes Hirnleistungstraining (Cog-Pack\u00a9 und andere)<br \/>\nc. kognitives Training<\/p>\n<p>8.) Alltagskompetenztraining<br \/>\na. Einkaufstraining, Einkaufsfahrten<br \/>\nb. An- und Ausziehtraining<br \/>\nc. Training der K\u00f6rperpflege<br \/>\nd. Therapeutisches Fr\u00fchst\u00fcck<br \/>\ne. Therapieeinheit &#8222;Umgang mit Geld&#8220;<br \/>\nf. Realit\u00e4tserprobung<\/p>\n<p>9.) Hauswirtschaft<br \/>\na. Tischdienst<br \/>\nb. Essendienst<br \/>\nc. W\u00e4schedienst<br \/>\nd. Koch- und Backgruppen in unserer Therapiek\u00fcche<\/p>\n<p>10.) Psychoedukation<br \/>\na. Suchtzentrierte Gespr\u00e4chsgruppe unter Anleitung eines der Suchttherapeuten<br \/>\nb. psychoedukative Einzelgespr\u00e4che<br \/>\nc. Begleitung und Unterst\u00fctzung bei der Krankheitsbew\u00e4ltigung<\/p>\n<p style=\"text-align: justify;\">Wir haben ein umfassendes Programm an besch\u00e4ftigungstherapeutischen Angeboten.<\/p>\n<p>Zu Coronazeiten mussten und m\u00fcssen wir zum Teil Einschr\u00e4nkungen vornehmen. Aber dies haben wir bestm\u00f6glich &#8222;abfedern&#8220; k\u00f6nnen.<\/p>\n<p><img loading=\"lazy\" decoding=\"async\" class=\"wp-image-108 size-full alignleft\" src=\"https:\/\/mederius.bnb-infosec.com\/wp-content\/uploads\/2017\/08\/Gruppen1.jpg\" alt=\"\" width=\"500\" height=\"375\" \/><\/p>\n<p><img loading=\"lazy\" decoding=\"async\" class=\"alignnone size-full wp-image-109\" src=\"https:\/\/mederius.bnb-infosec.com\/wp-content\/uploads\/2017\/08\/Gruppen2.jpg\" alt=\"\" width=\"500\" height=\"375\" \/><\/p>\n","protected":false},"excerpt":{"rendered":"<p>Die Einstiegsgruppe Diese Gruppe eignet sich f\u00fcr Bewohner mit akuten Krankheitsbildern oder mit einer stark ausgepr\u00e4gten Hospitalisierung. Die Einstiegsgruppe gibt den einzelnen Bewohnern die M\u00f6glichkeit, nach seinen eigenen W\u00fcnschen entsprechende Arbeiten auszuf\u00fchren. So erf\u00e4hrt der Bewohner die Akzeptanz seiner eigenen Leistung, als auch die Akzeptanz seiner Pers\u00f6nlichkeit. Bei uns arbeiten\u2026<\/p>\n<p> <a class=\"continue-reading-link\" href=\"https:\/\/mederius.de\/index.php\/arbeitsgruppen\/\"><span>Continue reading<\/span><i class=\"crycon-right-dir\"><\/i><\/a> <\/p>\n","protected":false},"author":1,"featured_media":0,"parent":0,"menu_order":0,"comment_status":"closed","ping_status":"closed","template":"","meta":{"footnotes":""},"class_list":["post-107","page","type-page","status-publish","hentry"],"_links":{"self":[{"href":"https:\/\/mederius.de\/index.php\/wp-json\/wp\/v2\/pages\/107","targetHints":{"allow":["GET"]}}],"collection":[{"href":"https:\/\/mederius.de\/index.php\/wp-json\/wp\/v2\/pages"}],"about":[{"href":"https:\/\/mederius.de\/index.php\/wp-json\/wp\/v2\/types\/page"}],"author":[{"embeddable":true,"href":"https:\/\/mederius.de\/index.php\/wp-json\/wp\/v2\/users\/1"}],"replies":[{"embeddable":true,"href":"https:\/\/mederius.de\/index.php\/wp-json\/wp\/v2\/comments?post=107"}],"version-history":[{"count":11,"href":"https:\/\/mederius.de\/index.php\/wp-json\/wp\/v2\/pages\/107\/revisions"}],"predecessor-version":[{"id":746,"href":"https:\/\/mederius.de\/index.php\/wp-json\/wp\/v2\/pages\/107\/revisions\/746"}],"wp:attachment":[{"href":"https:\/\/mederius.de\/index.php\/wp-json\/wp\/v2\/media?parent=107"}],"curies":[{"name":"wp","href":"https:\/\/api.w.org\/{rel}","templated":true}]}}